{"id":4580,"date":"2022-05-30T13:06:31","date_gmt":"2022-05-30T11:06:31","guid":{"rendered":"https:\/\/sgp.geodezja.org.pl\/?post_type=product&#038;p=4580"},"modified":"2022-05-30T13:07:06","modified_gmt":"2022-05-30T11:07:06","slug":"szkolenie-online-podzialy-nieruchomosci-zurbanizowanych-oraz-rolnych-i-lesnych-podzialy-nieruchomosci-mieszanych-dostep-do-drogi-publicznej-w-podzialach-nieruch","status":"publish","type":"product","link":"https:\/\/sgp.geodezja.org.pl\/en\/product\/szkolenie-online-podzialy-nieruchomosci-zurbanizowanych-oraz-rolnych-i-lesnych-podzialy-nieruchomosci-mieszanych-dostep-do-drogi-publicznej-w-podzialach-nieruch\/","title":{"rendered":"Szkolenie online: \u201ePodzia\u0142y nieruchomo\u015bci zurbanizowanych oraz rolnych i\u00a0le\u015bnych. Podzia\u0142y nieruchomo\u015bci \u201emieszanych\u201d. Dost\u0119p do drogi publicznej w\u00a0podzia\u0142ach nieruchomo\u015bci. R\u00f3\u017cne inne problematyczne aspekty podzia\u0142\u00f3w nieruchomo\u015bci.\u201d, 21\u00a0czerwca 2022 r."},"content":{"rendered":"","protected":false},"excerpt":{"rendered":"","protected":false},"featured_media":0,"template":"","meta":[],"product_brand":[],"product_cat":[63],"product_tag":[],"class_list":{"0":"post-4580","1":"product","2":"type-product","3":"status-publish","5":"product_cat-konferencje","7":"first","8":"instock","9":"shipping-taxable","10":"purchasable","11":"product-type-variable"},"_links":{"self":[{"href":"https:\/\/sgp.geodezja.org.pl\/en\/wp-json\/wp\/v2\/product\/4580","targetHints":{"allow":["GET"]}}],"collection":[{"href":"https:\/\/sgp.geodezja.org.pl\/en\/wp-json\/wp\/v2\/product"}],"about":[{"href":"https:\/\/sgp.geodezja.org.pl\/en\/wp-json\/wp\/v2\/types\/product"}],"wp:attachment":[{"href":"https:\/\/sgp.geodezja.org.pl\/en\/wp-json\/wp\/v2\/media?parent=4580"}],"wp:term":[{"taxonomy":"product_brand","embeddable":true,"href":"https:\/\/sgp.geodezja.org.pl\/en\/wp-json\/wp\/v2\/product_brand?post=4580"},{"taxonomy":"product_cat","embeddable":true,"href":"https:\/\/sgp.geodezja.org.pl\/en\/wp-json\/wp\/v2\/product_cat?post=4580"},{"taxonomy":"product_tag","embeddable":true,"href":"https:\/\/sgp.geodezja.org.pl\/en\/wp-json\/wp\/v2\/product_tag?post=4580"}],"curies":[{"name":"wp","href":"https:\/\/api.w.org\/{rel}","templated":true}]}}