{"id":4769,"date":"2022-06-25T18:50:35","date_gmt":"2022-06-25T16:50:35","guid":{"rendered":"https:\/\/sgp.geodezja.org.pl\/?post_type=product&#038;p=4769"},"modified":"2022-06-25T18:50:47","modified_gmt":"2022-06-25T16:50:47","slug":"szkolenie-procedura-i-zakres-modernizacji-oraz-aktualizacji-ewidencji-gruntow-i-budynkow-po-zmianie-rozporzadzenia-w-sprawie-ewidencji-gruntow-i-budynkow-oraz-geodezyjna-obsluga-inwestycji","status":"publish","type":"product","link":"https:\/\/sgp.geodezja.org.pl\/en\/product\/szkolenie-procedura-i-zakres-modernizacji-oraz-aktualizacji-ewidencji-gruntow-i-budynkow-po-zmianie-rozporzadzenia-w-sprawie-ewidencji-gruntow-i-budynkow-oraz-geodezyjna-obsluga-inwestycji\/","title":{"rendered":"Szkolenie: \u201eProcedura i zakres modernizacji oraz aktualizacji ewidencji grunt\u00f3w i budynk\u00f3w po zmianie rozporz\u0105dzenia w sprawie ewidencji grunt\u00f3w i budynk\u00f3w oraz geodezyjna obs\u0142uga inwestycji.\u201d, Kielce, 12\u00a0lipca 2022 r."},"content":{"rendered":"","protected":false},"excerpt":{"rendered":"","protected":false},"featured_media":0,"template":"","meta":[],"product_brand":[],"product_cat":[63],"product_tag":[],"class_list":{"0":"post-4769","1":"product","2":"type-product","3":"status-publish","5":"product_cat-konferencje","7":"first","8":"instock","9":"shipping-taxable","10":"purchasable","11":"product-type-variable"},"_links":{"self":[{"href":"https:\/\/sgp.geodezja.org.pl\/en\/wp-json\/wp\/v2\/product\/4769","targetHints":{"allow":["GET"]}}],"collection":[{"href":"https:\/\/sgp.geodezja.org.pl\/en\/wp-json\/wp\/v2\/product"}],"about":[{"href":"https:\/\/sgp.geodezja.org.pl\/en\/wp-json\/wp\/v2\/types\/product"}],"wp:attachment":[{"href":"https:\/\/sgp.geodezja.org.pl\/en\/wp-json\/wp\/v2\/media?parent=4769"}],"wp:term":[{"taxonomy":"product_brand","embeddable":true,"href":"https:\/\/sgp.geodezja.org.pl\/en\/wp-json\/wp\/v2\/product_brand?post=4769"},{"taxonomy":"product_cat","embeddable":true,"href":"https:\/\/sgp.geodezja.org.pl\/en\/wp-json\/wp\/v2\/product_cat?post=4769"},{"taxonomy":"product_tag","embeddable":true,"href":"https:\/\/sgp.geodezja.org.pl\/en\/wp-json\/wp\/v2\/product_tag?post=4769"}],"curies":[{"name":"wp","href":"https:\/\/api.w.org\/{rel}","templated":true}]}}