{"id":4858,"date":"2022-07-21T11:48:15","date_gmt":"2022-07-21T09:48:15","guid":{"rendered":"https:\/\/sgp.geodezja.org.pl\/?post_type=product&#038;p=4858"},"modified":"2022-07-21T12:34:25","modified_gmt":"2022-07-21T10:34:25","slug":"ix-ogolnopolskie-seminarium-bieglych-sadowych-z-zakresu-geodezji-mielno-k-koszalina-30-09-2-10-2022-r","status":"publish","type":"product","link":"https:\/\/sgp.geodezja.org.pl\/en\/product\/ix-ogolnopolskie-seminarium-bieglych-sadowych-z-zakresu-geodezji-mielno-k-koszalina-30-09-2-10-2022-r\/","title":{"rendered":"IX Og\u00f3lnopolskie Seminarium Bieg\u0142ych S\u0105dowych z Zakresu Geodezji, Mielno k\/Koszalina, 30.09 &#8211; 2.10.2022 r."},"content":{"rendered":"","protected":false},"excerpt":{"rendered":"","protected":false},"featured_media":0,"template":"","meta":[],"product_brand":[],"product_cat":[63],"product_tag":[],"class_list":{"0":"post-4858","1":"product","2":"type-product","3":"status-publish","5":"product_cat-konferencje","7":"first","8":"instock","9":"shipping-taxable","10":"purchasable","11":"product-type-variable"},"_links":{"self":[{"href":"https:\/\/sgp.geodezja.org.pl\/en\/wp-json\/wp\/v2\/product\/4858","targetHints":{"allow":["GET"]}}],"collection":[{"href":"https:\/\/sgp.geodezja.org.pl\/en\/wp-json\/wp\/v2\/product"}],"about":[{"href":"https:\/\/sgp.geodezja.org.pl\/en\/wp-json\/wp\/v2\/types\/product"}],"wp:attachment":[{"href":"https:\/\/sgp.geodezja.org.pl\/en\/wp-json\/wp\/v2\/media?parent=4858"}],"wp:term":[{"taxonomy":"product_brand","embeddable":true,"href":"https:\/\/sgp.geodezja.org.pl\/en\/wp-json\/wp\/v2\/product_brand?post=4858"},{"taxonomy":"product_cat","embeddable":true,"href":"https:\/\/sgp.geodezja.org.pl\/en\/wp-json\/wp\/v2\/product_cat?post=4858"},{"taxonomy":"product_tag","embeddable":true,"href":"https:\/\/sgp.geodezja.org.pl\/en\/wp-json\/wp\/v2\/product_tag?post=4858"}],"curies":[{"name":"wp","href":"https:\/\/api.w.org\/{rel}","templated":true}]}}