{"id":4880,"date":"2022-07-21T15:47:05","date_gmt":"2022-07-21T13:47:05","guid":{"rendered":"https:\/\/sgp.geodezja.org.pl\/?post_type=product&#038;p=4880"},"modified":"2022-07-21T15:54:00","modified_gmt":"2022-07-21T13:54:00","slug":"szkolenie-geodezyjna-obsluga-inwestycji-oraz-procedura-i-zakres-modernizacji-oraz-aktualizacji-ewidencji-gruntow-i-budynkow-po-zmianach-przepisow-prawa-zielona-gora-9-wrzesnia-202","status":"publish","type":"product","link":"https:\/\/sgp.geodezja.org.pl\/en\/product\/szkolenie-geodezyjna-obsluga-inwestycji-oraz-procedura-i-zakres-modernizacji-oraz-aktualizacji-ewidencji-gruntow-i-budynkow-po-zmianach-przepisow-prawa-zielona-gora-9-wrzesnia-202\/","title":{"rendered":"Szkolenie: \u201eGeodezyjna obs\u0142uga inwestycji oraz procedura i zakres modernizacji oraz aktualizacji ewidencji grunt\u00f3w i budynk\u00f3w po zmianach przepis\u00f3w prawa\u201d, Zielona G\u00f3ra, 9 wrze\u015bnia 2022 r."},"content":{"rendered":"","protected":false},"excerpt":{"rendered":"","protected":false},"featured_media":0,"template":"","meta":[],"product_brand":[],"product_cat":[63],"product_tag":[],"class_list":{"0":"post-4880","1":"product","2":"type-product","3":"status-publish","5":"product_cat-konferencje","7":"first","8":"instock","9":"shipping-taxable","10":"purchasable","11":"product-type-variable"},"_links":{"self":[{"href":"https:\/\/sgp.geodezja.org.pl\/en\/wp-json\/wp\/v2\/product\/4880","targetHints":{"allow":["GET"]}}],"collection":[{"href":"https:\/\/sgp.geodezja.org.pl\/en\/wp-json\/wp\/v2\/product"}],"about":[{"href":"https:\/\/sgp.geodezja.org.pl\/en\/wp-json\/wp\/v2\/types\/product"}],"wp:attachment":[{"href":"https:\/\/sgp.geodezja.org.pl\/en\/wp-json\/wp\/v2\/media?parent=4880"}],"wp:term":[{"taxonomy":"product_brand","embeddable":true,"href":"https:\/\/sgp.geodezja.org.pl\/en\/wp-json\/wp\/v2\/product_brand?post=4880"},{"taxonomy":"product_cat","embeddable":true,"href":"https:\/\/sgp.geodezja.org.pl\/en\/wp-json\/wp\/v2\/product_cat?post=4880"},{"taxonomy":"product_tag","embeddable":true,"href":"https:\/\/sgp.geodezja.org.pl\/en\/wp-json\/wp\/v2\/product_tag?post=4880"}],"curies":[{"name":"wp","href":"https:\/\/api.w.org\/{rel}","templated":true}]}}