{"id":4895,"date":"2022-07-22T19:56:31","date_gmt":"2022-07-22T17:56:31","guid":{"rendered":"https:\/\/sgp.geodezja.org.pl\/?post_type=product&#038;p=4895"},"modified":"2022-07-22T19:56:31","modified_gmt":"2022-07-22T17:56:31","slug":"szkolenie-uzytki-gruntowe-w-pracach-geodezyjnych-ustalenie-przebiegu-granic-dzialek-ewidencyjnych-i-stabilizacja-powstalych-punktow-granicznych-zielona-gora-28-wrzesnia-2022-r","status":"publish","type":"product","link":"https:\/\/sgp.geodezja.org.pl\/en\/product\/szkolenie-uzytki-gruntowe-w-pracach-geodezyjnych-ustalenie-przebiegu-granic-dzialek-ewidencyjnych-i-stabilizacja-powstalych-punktow-granicznych-zielona-gora-28-wrzesnia-2022-r\/","title":{"rendered":"Szkolenie: \u201eU\u017cytki gruntowe w pracach geodezyjnych. Ustalenie przebiegu granic dzia\u0142ek ewidencyjnych i stabilizacja powsta\u0142ych punkt\u00f3w granicznych.\u201d, Zielona G\u00f3ra, 28 wrze\u015bnia 2022 r."},"content":{"rendered":"","protected":false},"excerpt":{"rendered":"","protected":false},"featured_media":0,"template":"","meta":[],"product_brand":[],"product_cat":[63],"product_tag":[],"class_list":{"0":"post-4895","1":"product","2":"type-product","3":"status-publish","5":"product_cat-konferencje","7":"first","8":"instock","9":"shipping-taxable","10":"purchasable","11":"product-type-variable"},"_links":{"self":[{"href":"https:\/\/sgp.geodezja.org.pl\/en\/wp-json\/wp\/v2\/product\/4895","targetHints":{"allow":["GET"]}}],"collection":[{"href":"https:\/\/sgp.geodezja.org.pl\/en\/wp-json\/wp\/v2\/product"}],"about":[{"href":"https:\/\/sgp.geodezja.org.pl\/en\/wp-json\/wp\/v2\/types\/product"}],"wp:attachment":[{"href":"https:\/\/sgp.geodezja.org.pl\/en\/wp-json\/wp\/v2\/media?parent=4895"}],"wp:term":[{"taxonomy":"product_brand","embeddable":true,"href":"https:\/\/sgp.geodezja.org.pl\/en\/wp-json\/wp\/v2\/product_brand?post=4895"},{"taxonomy":"product_cat","embeddable":true,"href":"https:\/\/sgp.geodezja.org.pl\/en\/wp-json\/wp\/v2\/product_cat?post=4895"},{"taxonomy":"product_tag","embeddable":true,"href":"https:\/\/sgp.geodezja.org.pl\/en\/wp-json\/wp\/v2\/product_tag?post=4895"}],"curies":[{"name":"wp","href":"https:\/\/api.w.org\/{rel}","templated":true}]}}