{"id":4958,"date":"2022-08-25T16:02:41","date_gmt":"2022-08-25T14:02:41","guid":{"rendered":"https:\/\/sgp.geodezja.org.pl\/?post_type=product&#038;p=4958"},"modified":"2022-08-25T16:02:41","modified_gmt":"2022-08-25T14:02:41","slug":"szkolenie-online-ewidencja-gruntow-i-budynkow-w-swietle-jednostkowych-opracowan-geodezyjnych-biezacej-aktualizacji-i-modernizacji-granice-w-tym-ustalenia-i-linia-brzegu-budynki-uzytki","status":"publish","type":"product","link":"https:\/\/sgp.geodezja.org.pl\/en\/product\/szkolenie-online-ewidencja-gruntow-i-budynkow-w-swietle-jednostkowych-opracowan-geodezyjnych-biezacej-aktualizacji-i-modernizacji-granice-w-tym-ustalenia-i-linia-brzegu-budynki-uzytki\/","title":{"rendered":"Szkolenie online: \u201eEwidencja grunt\u00f3w i budynk\u00f3w w \u015bwietle jednostkowych opracowa\u0144 geodezyjnych (bie\u017c\u0105cej aktualizacji) i modernizacji. Granice (w tym ustalenia i linia brzegu), budynki, u\u017cytki\u201d, 20 wrze\u015bnia 2022 r."},"content":{"rendered":"","protected":false},"excerpt":{"rendered":"","protected":false},"featured_media":0,"template":"","meta":[],"product_brand":[],"product_cat":[63],"product_tag":[],"class_list":{"0":"post-4958","1":"product","2":"type-product","3":"status-publish","5":"product_cat-konferencje","7":"first","8":"instock","9":"shipping-taxable","10":"purchasable","11":"product-type-variable"},"_links":{"self":[{"href":"https:\/\/sgp.geodezja.org.pl\/en\/wp-json\/wp\/v2\/product\/4958","targetHints":{"allow":["GET"]}}],"collection":[{"href":"https:\/\/sgp.geodezja.org.pl\/en\/wp-json\/wp\/v2\/product"}],"about":[{"href":"https:\/\/sgp.geodezja.org.pl\/en\/wp-json\/wp\/v2\/types\/product"}],"wp:attachment":[{"href":"https:\/\/sgp.geodezja.org.pl\/en\/wp-json\/wp\/v2\/media?parent=4958"}],"wp:term":[{"taxonomy":"product_brand","embeddable":true,"href":"https:\/\/sgp.geodezja.org.pl\/en\/wp-json\/wp\/v2\/product_brand?post=4958"},{"taxonomy":"product_cat","embeddable":true,"href":"https:\/\/sgp.geodezja.org.pl\/en\/wp-json\/wp\/v2\/product_cat?post=4958"},{"taxonomy":"product_tag","embeddable":true,"href":"https:\/\/sgp.geodezja.org.pl\/en\/wp-json\/wp\/v2\/product_tag?post=4958"}],"curies":[{"name":"wp","href":"https:\/\/api.w.org\/{rel}","templated":true}]}}