{"id":4984,"date":"2022-08-27T16:24:46","date_gmt":"2022-08-27T14:24:46","guid":{"rendered":"https:\/\/sgp.geodezja.org.pl\/?post_type=product&#038;p=4984"},"modified":"2022-10-12T17:57:44","modified_gmt":"2022-10-12T15:57:44","slug":"szkolenie-online-opracowania-geodezyjno-kartograficzne-oraz-wybrane-czynnosci-geodezyjne-obowiazujace-w-budownictwie-aspekty-prawne-i-techniczne-w-swietle-obowiazujacych-przepisow","status":"publish","type":"product","link":"https:\/\/sgp.geodezja.org.pl\/en\/product\/szkolenie-online-opracowania-geodezyjno-kartograficzne-oraz-wybrane-czynnosci-geodezyjne-obowiazujace-w-budownictwie-aspekty-prawne-i-techniczne-w-swietle-obowiazujacych-przepisow\/","title":{"rendered":"Szkolenie online: \u201eOpracowania geodezyjno-kartograficzne oraz wybrane czynno\u015bci geodezyjne obowi\u0105zuj\u0105ce w budownictwie &#8211; aspekty prawne i techniczne w \u015bwietle obowi\u0105zuj\u0105cych przepis\u00f3w\u201d, 16 listopada 2022 r."},"content":{"rendered":"","protected":false},"excerpt":{"rendered":"","protected":false},"featured_media":0,"template":"","meta":[],"product_brand":[],"product_cat":[63],"product_tag":[],"class_list":{"0":"post-4984","1":"product","2":"type-product","3":"status-publish","5":"product_cat-konferencje","7":"first","8":"instock","9":"shipping-taxable","10":"purchasable","11":"product-type-variable"},"_links":{"self":[{"href":"https:\/\/sgp.geodezja.org.pl\/en\/wp-json\/wp\/v2\/product\/4984","targetHints":{"allow":["GET"]}}],"collection":[{"href":"https:\/\/sgp.geodezja.org.pl\/en\/wp-json\/wp\/v2\/product"}],"about":[{"href":"https:\/\/sgp.geodezja.org.pl\/en\/wp-json\/wp\/v2\/types\/product"}],"wp:attachment":[{"href":"https:\/\/sgp.geodezja.org.pl\/en\/wp-json\/wp\/v2\/media?parent=4984"}],"wp:term":[{"taxonomy":"product_brand","embeddable":true,"href":"https:\/\/sgp.geodezja.org.pl\/en\/wp-json\/wp\/v2\/product_brand?post=4984"},{"taxonomy":"product_cat","embeddable":true,"href":"https:\/\/sgp.geodezja.org.pl\/en\/wp-json\/wp\/v2\/product_cat?post=4984"},{"taxonomy":"product_tag","embeddable":true,"href":"https:\/\/sgp.geodezja.org.pl\/en\/wp-json\/wp\/v2\/product_tag?post=4984"}],"curies":[{"name":"wp","href":"https:\/\/api.w.org\/{rel}","templated":true}]}}