{"id":5434,"date":"2022-11-05T19:39:49","date_gmt":"2022-11-05T18:39:49","guid":{"rendered":"https:\/\/sgp.geodezja.org.pl\/?post_type=product&#038;p=5434"},"modified":"2022-11-05T19:41:56","modified_gmt":"2022-11-05T18:41:56","slug":"szkolenie-online-analiza-materialow-zasobu-w-aspekcie-ich-przydatnosci-przy-rozgraniczaniu-nieruchomosci-wznawianiu-znakow-granicznych-wyznaczaniu-punktow-granicznych-ustalaniu-przebieg","status":"publish","type":"product","link":"https:\/\/sgp.geodezja.org.pl\/en\/product\/szkolenie-online-analiza-materialow-zasobu-w-aspekcie-ich-przydatnosci-przy-rozgraniczaniu-nieruchomosci-wznawianiu-znakow-granicznych-wyznaczaniu-punktow-granicznych-ustalaniu-przebieg\/","title":{"rendered":"Szkolenie online: \u201eAnaliza materia\u0142\u00f3w zasobu w aspekcie ich przydatno\u015bci &#8211; przy rozgraniczaniu nieruchomo\u015bci, wznawianiu znak\u00f3w granicznych, wyznaczaniu punkt\u00f3w granicznych, ustalaniu przebiegu granic nieruchomo\u015bci oraz przy podziale nieruchomo\u015bci \u2013 w \u015bwietle znowelizowanych standard\u00f3w technicznych\u201d, 5 grudnia 2022 r."},"content":{"rendered":"","protected":false},"excerpt":{"rendered":"","protected":false},"featured_media":0,"template":"","meta":[],"product_brand":[],"product_cat":[63],"product_tag":[],"class_list":{"0":"post-5434","1":"product","2":"type-product","3":"status-publish","5":"product_cat-konferencje","7":"first","8":"instock","9":"shipping-taxable","10":"purchasable","11":"product-type-variable"},"_links":{"self":[{"href":"https:\/\/sgp.geodezja.org.pl\/en\/wp-json\/wp\/v2\/product\/5434","targetHints":{"allow":["GET"]}}],"collection":[{"href":"https:\/\/sgp.geodezja.org.pl\/en\/wp-json\/wp\/v2\/product"}],"about":[{"href":"https:\/\/sgp.geodezja.org.pl\/en\/wp-json\/wp\/v2\/types\/product"}],"wp:attachment":[{"href":"https:\/\/sgp.geodezja.org.pl\/en\/wp-json\/wp\/v2\/media?parent=5434"}],"wp:term":[{"taxonomy":"product_brand","embeddable":true,"href":"https:\/\/sgp.geodezja.org.pl\/en\/wp-json\/wp\/v2\/product_brand?post=5434"},{"taxonomy":"product_cat","embeddable":true,"href":"https:\/\/sgp.geodezja.org.pl\/en\/wp-json\/wp\/v2\/product_cat?post=5434"},{"taxonomy":"product_tag","embeddable":true,"href":"https:\/\/sgp.geodezja.org.pl\/en\/wp-json\/wp\/v2\/product_tag?post=5434"}],"curies":[{"name":"wp","href":"https:\/\/api.w.org\/{rel}","templated":true}]}}