{"id":5454,"date":"2022-11-08T17:10:42","date_gmt":"2022-11-08T16:10:42","guid":{"rendered":"https:\/\/sgp.geodezja.org.pl\/?post_type=product&#038;p=5454"},"modified":"2022-11-08T17:10:42","modified_gmt":"2022-11-08T16:10:42","slug":"szkolenie-online-szczegolowe-zadania-geodezji-inzynieryjnej-w-swietle-obowiazujacych-regulacji-prawnych-geodezyjna-obsluga-inwestycji-badanie-przemieszczen-i-deformacji-konstrukcji","status":"publish","type":"product","link":"https:\/\/sgp.geodezja.org.pl\/en\/product\/szkolenie-online-szczegolowe-zadania-geodezji-inzynieryjnej-w-swietle-obowiazujacych-regulacji-prawnych-geodezyjna-obsluga-inwestycji-badanie-przemieszczen-i-deformacji-konstrukcji\/","title":{"rendered":"Szkolenie online: \u201eSzczeg\u00f3\u0142owe zadania geodezji in\u017cynieryjnej w \u015bwietle obowi\u0105zuj\u0105cych regulacji prawnych &#8211; geodezyjna obs\u0142uga inwestycji, badanie przemieszcze\u0144 i deformacji konstrukcji\u201d, 30 listopada 2022 r."},"content":{"rendered":"","protected":false},"excerpt":{"rendered":"","protected":false},"featured_media":0,"template":"","meta":[],"product_brand":[],"product_cat":[63],"product_tag":[],"class_list":{"0":"post-5454","1":"product","2":"type-product","3":"status-publish","5":"product_cat-konferencje","7":"first","8":"instock","9":"shipping-taxable","10":"purchasable","11":"product-type-variable"},"_links":{"self":[{"href":"https:\/\/sgp.geodezja.org.pl\/en\/wp-json\/wp\/v2\/product\/5454","targetHints":{"allow":["GET"]}}],"collection":[{"href":"https:\/\/sgp.geodezja.org.pl\/en\/wp-json\/wp\/v2\/product"}],"about":[{"href":"https:\/\/sgp.geodezja.org.pl\/en\/wp-json\/wp\/v2\/types\/product"}],"wp:attachment":[{"href":"https:\/\/sgp.geodezja.org.pl\/en\/wp-json\/wp\/v2\/media?parent=5454"}],"wp:term":[{"taxonomy":"product_brand","embeddable":true,"href":"https:\/\/sgp.geodezja.org.pl\/en\/wp-json\/wp\/v2\/product_brand?post=5454"},{"taxonomy":"product_cat","embeddable":true,"href":"https:\/\/sgp.geodezja.org.pl\/en\/wp-json\/wp\/v2\/product_cat?post=5454"},{"taxonomy":"product_tag","embeddable":true,"href":"https:\/\/sgp.geodezja.org.pl\/en\/wp-json\/wp\/v2\/product_tag?post=5454"}],"curies":[{"name":"wp","href":"https:\/\/api.w.org\/{rel}","templated":true}]}}