{"id":5999,"date":"2023-02-10T15:40:24","date_gmt":"2023-02-10T14:40:24","guid":{"rendered":"https:\/\/sgp.geodezja.org.pl\/?post_type=product&#038;p=5999"},"modified":"2023-02-10T15:57:46","modified_gmt":"2023-02-10T14:57:46","slug":"szkolenie-online-podzialy-nieruchomosci-z-ugn-w-tym-ze-specustaw-podzial-nieruchomosci-rolnych-i-lesnych-28-marca-2023-r","status":"publish","type":"product","link":"https:\/\/sgp.geodezja.org.pl\/en\/product\/szkolenie-online-podzialy-nieruchomosci-z-ugn-w-tym-ze-specustaw-podzial-nieruchomosci-rolnych-i-lesnych-28-marca-2023-r\/","title":{"rendered":"Szkolenie online: \u201ePodzia\u0142y nieruchomo\u015bci z UGN, w tym  ze SPECustaw. Podzia\u0142 nieruchomo\u015bci rolnych i le\u015bnych\u201d, 28 marca 2023 r."},"content":{"rendered":"","protected":false},"excerpt":{"rendered":"","protected":false},"featured_media":0,"template":"","meta":[],"product_brand":[],"product_cat":[63],"product_tag":[],"class_list":{"0":"post-5999","1":"product","2":"type-product","3":"status-publish","5":"product_cat-konferencje","7":"first","8":"instock","9":"shipping-taxable","10":"purchasable","11":"product-type-variable"},"_links":{"self":[{"href":"https:\/\/sgp.geodezja.org.pl\/en\/wp-json\/wp\/v2\/product\/5999","targetHints":{"allow":["GET"]}}],"collection":[{"href":"https:\/\/sgp.geodezja.org.pl\/en\/wp-json\/wp\/v2\/product"}],"about":[{"href":"https:\/\/sgp.geodezja.org.pl\/en\/wp-json\/wp\/v2\/types\/product"}],"wp:attachment":[{"href":"https:\/\/sgp.geodezja.org.pl\/en\/wp-json\/wp\/v2\/media?parent=5999"}],"wp:term":[{"taxonomy":"product_brand","embeddable":true,"href":"https:\/\/sgp.geodezja.org.pl\/en\/wp-json\/wp\/v2\/product_brand?post=5999"},{"taxonomy":"product_cat","embeddable":true,"href":"https:\/\/sgp.geodezja.org.pl\/en\/wp-json\/wp\/v2\/product_cat?post=5999"},{"taxonomy":"product_tag","embeddable":true,"href":"https:\/\/sgp.geodezja.org.pl\/en\/wp-json\/wp\/v2\/product_tag?post=5999"}],"curies":[{"name":"wp","href":"https:\/\/api.w.org\/{rel}","templated":true}]}}