{"id":6102,"date":"2023-02-19T16:30:58","date_gmt":"2023-02-19T15:30:58","guid":{"rendered":"https:\/\/sgp.geodezja.org.pl\/?post_type=product&#038;p=6102"},"modified":"2023-02-19T16:32:35","modified_gmt":"2023-02-19T15:32:35","slug":"seminarium-szkoleniowe-nt-zagadnienia-z-zakresu-geodezyjnego-urzadzania-terenow-rolnych-i-lesnych-gdansk-16-17-marca-2023-r","status":"publish","type":"product","link":"https:\/\/sgp.geodezja.org.pl\/en\/product\/seminarium-szkoleniowe-nt-zagadnienia-z-zakresu-geodezyjnego-urzadzania-terenow-rolnych-i-lesnych-gdansk-16-17-marca-2023-r\/","title":{"rendered":"Seminarium szkoleniowe nt.: &#8222;Zagadnienia z zakresu geodezyjnego urz\u0105dzania teren\u00f3w rolnych i le\u015bnych.&#8221;, Gda\u0144sk, 16-17 marca 2023 r."},"content":{"rendered":"","protected":false},"excerpt":{"rendered":"","protected":false},"featured_media":0,"template":"","meta":[],"product_brand":[],"product_cat":[63],"product_tag":[],"class_list":{"0":"post-6102","1":"product","2":"type-product","3":"status-publish","5":"product_cat-konferencje","7":"first","8":"instock","9":"virtual","10":"purchasable","11":"product-type-simple"},"_links":{"self":[{"href":"https:\/\/sgp.geodezja.org.pl\/en\/wp-json\/wp\/v2\/product\/6102","targetHints":{"allow":["GET"]}}],"collection":[{"href":"https:\/\/sgp.geodezja.org.pl\/en\/wp-json\/wp\/v2\/product"}],"about":[{"href":"https:\/\/sgp.geodezja.org.pl\/en\/wp-json\/wp\/v2\/types\/product"}],"wp:attachment":[{"href":"https:\/\/sgp.geodezja.org.pl\/en\/wp-json\/wp\/v2\/media?parent=6102"}],"wp:term":[{"taxonomy":"product_brand","embeddable":true,"href":"https:\/\/sgp.geodezja.org.pl\/en\/wp-json\/wp\/v2\/product_brand?post=6102"},{"taxonomy":"product_cat","embeddable":true,"href":"https:\/\/sgp.geodezja.org.pl\/en\/wp-json\/wp\/v2\/product_cat?post=6102"},{"taxonomy":"product_tag","embeddable":true,"href":"https:\/\/sgp.geodezja.org.pl\/en\/wp-json\/wp\/v2\/product_tag?post=6102"}],"curies":[{"name":"wp","href":"https:\/\/api.w.org\/{rel}","templated":true}]}}