{"id":6129,"date":"2023-02-21T18:24:17","date_gmt":"2023-02-21T17:24:17","guid":{"rendered":"https:\/\/sgp.geodezja.org.pl\/?post_type=product&#038;p=6129"},"modified":"2023-02-21T18:24:17","modified_gmt":"2023-02-21T17:24:17","slug":"szkolenie-stacjonarne-wybrane-aspekty-aktualizacji-ewidencji-gruntow-i-budynkow-analiza-materialow-zasobu-w-aspekcie-ich-przydatnosci-przy-podzialach-ustaleniach-w-trybie-egib-i-rozgranicz","status":"publish","type":"product","link":"https:\/\/sgp.geodezja.org.pl\/en\/product\/szkolenie-stacjonarne-wybrane-aspekty-aktualizacji-ewidencji-gruntow-i-budynkow-analiza-materialow-zasobu-w-aspekcie-ich-przydatnosci-przy-podzialach-ustaleniach-w-trybie-egib-i-rozgranicz\/","title":{"rendered":"Szkolenie stacjonarne: \u201eWybrane aspekty aktualizacji ewidencji grunt\u00f3w i budynk\u00f3w. Analiza materia\u0142\u00f3w zasobu w aspekcie ich przydatno\u015bci przy podzia\u0142ach, ustaleniach w trybie EGiB i rozgraniczaniu nieruchomo\u015bci\u201d, Zielona G\u00f3ra, 29 marca 2023 r."},"content":{"rendered":"","protected":false},"excerpt":{"rendered":"","protected":false},"featured_media":0,"template":"","meta":[],"product_brand":[],"product_cat":[63],"product_tag":[],"class_list":{"0":"post-6129","1":"product","2":"type-product","3":"status-publish","5":"product_cat-konferencje","7":"first","8":"instock","9":"shipping-taxable","10":"purchasable","11":"product-type-variable"},"_links":{"self":[{"href":"https:\/\/sgp.geodezja.org.pl\/en\/wp-json\/wp\/v2\/product\/6129","targetHints":{"allow":["GET"]}}],"collection":[{"href":"https:\/\/sgp.geodezja.org.pl\/en\/wp-json\/wp\/v2\/product"}],"about":[{"href":"https:\/\/sgp.geodezja.org.pl\/en\/wp-json\/wp\/v2\/types\/product"}],"wp:attachment":[{"href":"https:\/\/sgp.geodezja.org.pl\/en\/wp-json\/wp\/v2\/media?parent=6129"}],"wp:term":[{"taxonomy":"product_brand","embeddable":true,"href":"https:\/\/sgp.geodezja.org.pl\/en\/wp-json\/wp\/v2\/product_brand?post=6129"},{"taxonomy":"product_cat","embeddable":true,"href":"https:\/\/sgp.geodezja.org.pl\/en\/wp-json\/wp\/v2\/product_cat?post=6129"},{"taxonomy":"product_tag","embeddable":true,"href":"https:\/\/sgp.geodezja.org.pl\/en\/wp-json\/wp\/v2\/product_tag?post=6129"}],"curies":[{"name":"wp","href":"https:\/\/api.w.org\/{rel}","templated":true}]}}