{"id":6257,"date":"2023-03-09T15:14:18","date_gmt":"2023-03-09T14:14:18","guid":{"rendered":"https:\/\/sgp.geodezja.org.pl\/?post_type=product&#038;p=6257"},"modified":"2023-03-09T15:14:18","modified_gmt":"2023-03-09T14:14:18","slug":"szkolenie-stacjonarne-i-wybrane-zagadnienia-z-zakresu-rozgraniczen-i-podzialow-nieruchomosci-ii-gospodarka-nieruchomosciami-chmielno-17-19-maja-2023-r","status":"publish","type":"product","link":"https:\/\/sgp.geodezja.org.pl\/en\/product\/szkolenie-stacjonarne-i-wybrane-zagadnienia-z-zakresu-rozgraniczen-i-podzialow-nieruchomosci-ii-gospodarka-nieruchomosciami-chmielno-17-19-maja-2023-r\/","title":{"rendered":"Szkolenie stacjonarne: \u201eI. Wybrane zagadnienia z zakresu rozgranicze\u0144 i podzia\u0142\u00f3w nieruchomo\u015bci, II. Gospodarka nieruchomo\u015bciami\u201d, Chmielno, 17 &#8211; 19 maja 2023 r."},"content":{"rendered":"","protected":false},"excerpt":{"rendered":"","protected":false},"featured_media":0,"template":"","meta":[],"product_brand":[],"product_cat":[63],"product_tag":[],"class_list":{"0":"post-6257","1":"product","2":"type-product","3":"status-publish","5":"product_cat-konferencje","7":"first","8":"instock","9":"shipping-taxable","10":"purchasable","11":"product-type-variable"},"_links":{"self":[{"href":"https:\/\/sgp.geodezja.org.pl\/en\/wp-json\/wp\/v2\/product\/6257","targetHints":{"allow":["GET"]}}],"collection":[{"href":"https:\/\/sgp.geodezja.org.pl\/en\/wp-json\/wp\/v2\/product"}],"about":[{"href":"https:\/\/sgp.geodezja.org.pl\/en\/wp-json\/wp\/v2\/types\/product"}],"wp:attachment":[{"href":"https:\/\/sgp.geodezja.org.pl\/en\/wp-json\/wp\/v2\/media?parent=6257"}],"wp:term":[{"taxonomy":"product_brand","embeddable":true,"href":"https:\/\/sgp.geodezja.org.pl\/en\/wp-json\/wp\/v2\/product_brand?post=6257"},{"taxonomy":"product_cat","embeddable":true,"href":"https:\/\/sgp.geodezja.org.pl\/en\/wp-json\/wp\/v2\/product_cat?post=6257"},{"taxonomy":"product_tag","embeddable":true,"href":"https:\/\/sgp.geodezja.org.pl\/en\/wp-json\/wp\/v2\/product_tag?post=6257"}],"curies":[{"name":"wp","href":"https:\/\/api.w.org\/{rel}","templated":true}]}}