{"id":6271,"date":"2023-03-10T17:30:04","date_gmt":"2023-03-10T16:30:04","guid":{"rendered":"https:\/\/sgp.geodezja.org.pl\/?post_type=product&#038;p=6271"},"modified":"2023-03-11T18:14:31","modified_gmt":"2023-03-11T17:14:31","slug":"kurs-dla-mediatorow-sgp-online-alternatywne-metody-rozwiazywania-sporow-zwiazanych-z-prowadzeniem-dzialalnosci-w-dziedzinie-geodezji-i-kartografii-warszawa-12-13-22-kwietnia-1","status":"publish","type":"product","link":"https:\/\/sgp.geodezja.org.pl\/en\/product\/kurs-dla-mediatorow-sgp-online-alternatywne-metody-rozwiazywania-sporow-zwiazanych-z-prowadzeniem-dzialalnosci-w-dziedzinie-geodezji-i-kartografii-warszawa-12-13-22-kwietnia-1\/","title":{"rendered":"Kurs dla mediator\u00f3w SGP online: \u201eAlternatywne metody rozwi\u0105zywania spor\u00f3w zwi\u0105zanych z prowadzeniem dzia\u0142alno\u015bci w dziedzinie geodezji i kartografii\u201d, 12, 13, 22  kwietnia, 13, 24 maja 2023 r."},"content":{"rendered":"","protected":false},"excerpt":{"rendered":"","protected":false},"featured_media":0,"template":"","meta":[],"product_brand":[],"product_cat":[63],"product_tag":[],"class_list":{"0":"post-6271","1":"product","2":"type-product","3":"status-publish","5":"product_cat-konferencje","7":"first","8":"instock","9":"virtual","10":"purchasable","11":"product-type-simple"},"_links":{"self":[{"href":"https:\/\/sgp.geodezja.org.pl\/en\/wp-json\/wp\/v2\/product\/6271","targetHints":{"allow":["GET"]}}],"collection":[{"href":"https:\/\/sgp.geodezja.org.pl\/en\/wp-json\/wp\/v2\/product"}],"about":[{"href":"https:\/\/sgp.geodezja.org.pl\/en\/wp-json\/wp\/v2\/types\/product"}],"wp:attachment":[{"href":"https:\/\/sgp.geodezja.org.pl\/en\/wp-json\/wp\/v2\/media?parent=6271"}],"wp:term":[{"taxonomy":"product_brand","embeddable":true,"href":"https:\/\/sgp.geodezja.org.pl\/en\/wp-json\/wp\/v2\/product_brand?post=6271"},{"taxonomy":"product_cat","embeddable":true,"href":"https:\/\/sgp.geodezja.org.pl\/en\/wp-json\/wp\/v2\/product_cat?post=6271"},{"taxonomy":"product_tag","embeddable":true,"href":"https:\/\/sgp.geodezja.org.pl\/en\/wp-json\/wp\/v2\/product_tag?post=6271"}],"curies":[{"name":"wp","href":"https:\/\/api.w.org\/{rel}","templated":true}]}}