{"id":6566,"date":"2023-04-07T17:53:58","date_gmt":"2023-04-07T15:53:58","guid":{"rendered":"https:\/\/sgp.geodezja.org.pl\/?post_type=product&#038;p=6566"},"modified":"2023-10-11T23:23:41","modified_gmt":"2023-10-11T21:23:41","slug":"szkolenie-online-uzytki-w-egib-z-rozwinieciem-tych-problematycznych-wylaczenie-gruntow-z-produkcji-rolniczej-i-lesnej-uzytki-bp-b-bi-ba-br-w-opracowaniach-geodezyjnych-w-tym","status":"publish","type":"product","link":"https:\/\/sgp.geodezja.org.pl\/en\/product\/szkolenie-online-uzytki-w-egib-z-rozwinieciem-tych-problematycznych-wylaczenie-gruntow-z-produkcji-rolniczej-i-lesnej-uzytki-bp-b-bi-ba-br-w-opracowaniach-geodezyjnych-w-tym\/","title":{"rendered":"Szkolenie online: \u201eU\u017cytki w egib \u2013 z rozwini\u0119ciem tych problematycznych; wy\u0142\u0105czenie grunt\u00f3w z produkcji rolniczej i le\u015bnej; u\u017cytki Bp, B, Bi, Ba, Br w opracowaniach geodezyjnych, w tym inwentaryzacji powykonawczej; Wp i linia brzegu w pracach geodezyjnych; ustalenie linii brzegu; pomiar sytuacyjny linii brzegu.\u201d, 16 maja 2023 r."},"content":{"rendered":"","protected":false},"excerpt":{"rendered":"","protected":false},"featured_media":0,"template":"","meta":[],"product_brand":[],"product_cat":[63],"product_tag":[],"class_list":{"0":"post-6566","1":"product","2":"type-product","3":"status-publish","5":"product_cat-konferencje","7":"first","8":"instock","9":"shipping-taxable","10":"purchasable","11":"product-type-variable"},"_links":{"self":[{"href":"https:\/\/sgp.geodezja.org.pl\/en\/wp-json\/wp\/v2\/product\/6566","targetHints":{"allow":["GET"]}}],"collection":[{"href":"https:\/\/sgp.geodezja.org.pl\/en\/wp-json\/wp\/v2\/product"}],"about":[{"href":"https:\/\/sgp.geodezja.org.pl\/en\/wp-json\/wp\/v2\/types\/product"}],"wp:attachment":[{"href":"https:\/\/sgp.geodezja.org.pl\/en\/wp-json\/wp\/v2\/media?parent=6566"}],"wp:term":[{"taxonomy":"product_brand","embeddable":true,"href":"https:\/\/sgp.geodezja.org.pl\/en\/wp-json\/wp\/v2\/product_brand?post=6566"},{"taxonomy":"product_cat","embeddable":true,"href":"https:\/\/sgp.geodezja.org.pl\/en\/wp-json\/wp\/v2\/product_cat?post=6566"},{"taxonomy":"product_tag","embeddable":true,"href":"https:\/\/sgp.geodezja.org.pl\/en\/wp-json\/wp\/v2\/product_tag?post=6566"}],"curies":[{"name":"wp","href":"https:\/\/api.w.org\/{rel}","templated":true}]}}