{"id":6827,"date":"2023-05-22T17:46:14","date_gmt":"2023-05-22T15:46:14","guid":{"rendered":"https:\/\/sgp.geodezja.org.pl\/?post_type=product&#038;p=6827"},"modified":"2023-10-11T23:26:00","modified_gmt":"2023-10-11T21:26:00","slug":"szkolenie-online-operat-techniczny-wykonawstwo-i-weryfikacja-wynikow-prac-geodezyjnych-zgodnie-z-obowiazujacymi-przepisami-prawa-i-aktualnym-orzecznictwem-sadowym-26-czerwca-20","status":"publish","type":"product","link":"https:\/\/sgp.geodezja.org.pl\/en\/product\/szkolenie-online-operat-techniczny-wykonawstwo-i-weryfikacja-wynikow-prac-geodezyjnych-zgodnie-z-obowiazujacymi-przepisami-prawa-i-aktualnym-orzecznictwem-sadowym-26-czerwca-20\/","title":{"rendered":"Szkolenie online: \u201eOperat techniczny, wykonawstwo i weryfikacja wynik\u00f3w prac geodezyjnych &#8211; zgodnie z obowi\u0105zuj\u0105cymi przepisami prawa i aktualnym orzecznictwem s\u0105dowym.\u201d, 26 czerwca 2023 r."},"content":{"rendered":"","protected":false},"excerpt":{"rendered":"","protected":false},"featured_media":0,"template":"","meta":[],"product_brand":[],"product_cat":[63],"product_tag":[],"class_list":{"0":"post-6827","1":"product","2":"type-product","3":"status-publish","5":"product_cat-konferencje","7":"first","8":"instock","9":"shipping-taxable","10":"purchasable","11":"product-type-variable"},"_links":{"self":[{"href":"https:\/\/sgp.geodezja.org.pl\/en\/wp-json\/wp\/v2\/product\/6827","targetHints":{"allow":["GET"]}}],"collection":[{"href":"https:\/\/sgp.geodezja.org.pl\/en\/wp-json\/wp\/v2\/product"}],"about":[{"href":"https:\/\/sgp.geodezja.org.pl\/en\/wp-json\/wp\/v2\/types\/product"}],"wp:attachment":[{"href":"https:\/\/sgp.geodezja.org.pl\/en\/wp-json\/wp\/v2\/media?parent=6827"}],"wp:term":[{"taxonomy":"product_brand","embeddable":true,"href":"https:\/\/sgp.geodezja.org.pl\/en\/wp-json\/wp\/v2\/product_brand?post=6827"},{"taxonomy":"product_cat","embeddable":true,"href":"https:\/\/sgp.geodezja.org.pl\/en\/wp-json\/wp\/v2\/product_cat?post=6827"},{"taxonomy":"product_tag","embeddable":true,"href":"https:\/\/sgp.geodezja.org.pl\/en\/wp-json\/wp\/v2\/product_tag?post=6827"}],"curies":[{"name":"wp","href":"https:\/\/api.w.org\/{rel}","templated":true}]}}