{"id":6897,"date":"2023-06-05T22:38:50","date_gmt":"2023-06-05T20:38:50","guid":{"rendered":"https:\/\/sgp.geodezja.org.pl\/?post_type=product&#038;p=6897"},"modified":"2023-10-11T23:26:28","modified_gmt":"2023-10-11T21:26:28","slug":"szkolenie-aktualizacja-danych-dotyczacych-granic-dzialek-ewidencyjnych-w-procesie-inwestycyjnym-i-modernizacji-egib-oraz-nowe-zasady-ustalania-zasiegu-wybranych-uzytkow-gruntowych","status":"publish","type":"product","link":"https:\/\/sgp.geodezja.org.pl\/en\/product\/szkolenie-aktualizacja-danych-dotyczacych-granic-dzialek-ewidencyjnych-w-procesie-inwestycyjnym-i-modernizacji-egib-oraz-nowe-zasady-ustalania-zasiegu-wybranych-uzytkow-gruntowych\/","title":{"rendered":"Szkolenie: \u201eAktualizacja danych dotycz\u0105cych granic dzia\u0142ek ewidencyjnych w procesie inwestycyjnym i modernizacji EGiB oraz nowe zasady ustalania zasi\u0119gu wybranych u\u017cytk\u00f3w gruntowych\u201d, Kielce, 7 lipca 2023 r."},"content":{"rendered":"","protected":false},"excerpt":{"rendered":"","protected":false},"featured_media":0,"template":"","meta":[],"product_brand":[],"product_cat":[63],"product_tag":[],"class_list":{"0":"post-6897","1":"product","2":"type-product","3":"status-publish","5":"product_cat-konferencje","7":"first","8":"instock","9":"shipping-taxable","10":"purchasable","11":"product-type-variable"},"_links":{"self":[{"href":"https:\/\/sgp.geodezja.org.pl\/en\/wp-json\/wp\/v2\/product\/6897","targetHints":{"allow":["GET"]}}],"collection":[{"href":"https:\/\/sgp.geodezja.org.pl\/en\/wp-json\/wp\/v2\/product"}],"about":[{"href":"https:\/\/sgp.geodezja.org.pl\/en\/wp-json\/wp\/v2\/types\/product"}],"wp:attachment":[{"href":"https:\/\/sgp.geodezja.org.pl\/en\/wp-json\/wp\/v2\/media?parent=6897"}],"wp:term":[{"taxonomy":"product_brand","embeddable":true,"href":"https:\/\/sgp.geodezja.org.pl\/en\/wp-json\/wp\/v2\/product_brand?post=6897"},{"taxonomy":"product_cat","embeddable":true,"href":"https:\/\/sgp.geodezja.org.pl\/en\/wp-json\/wp\/v2\/product_cat?post=6897"},{"taxonomy":"product_tag","embeddable":true,"href":"https:\/\/sgp.geodezja.org.pl\/en\/wp-json\/wp\/v2\/product_tag?post=6897"}],"curies":[{"name":"wp","href":"https:\/\/api.w.org\/{rel}","templated":true}]}}