{"id":7007,"date":"2023-07-06T17:51:46","date_gmt":"2023-07-06T15:51:46","guid":{"rendered":"https:\/\/sgp.geodezja.org.pl\/?post_type=product&#038;p=7007"},"modified":"2023-10-11T23:26:44","modified_gmt":"2023-10-11T21:26:44","slug":"szkolenie-online-wybrane-aspekty-prawne-i-techniczne-aktualizacji-baz-danych-bdot-500-gesut-i-egib-w-swietle-aktualnie-obowiazujacych-uregulowan-prawnych-26-lipca-2023-r","status":"publish","type":"product","link":"https:\/\/sgp.geodezja.org.pl\/en\/product\/szkolenie-online-wybrane-aspekty-prawne-i-techniczne-aktualizacji-baz-danych-bdot-500-gesut-i-egib-w-swietle-aktualnie-obowiazujacych-uregulowan-prawnych-26-lipca-2023-r\/","title":{"rendered":"Szkolenie online: \u201eWybrane aspekty prawne i techniczne aktualizacji baz danych BDOT 500, GESUT i EGIB w \u015bwietle aktualnie obowi\u0105zuj\u0105cych uregulowa\u0144 prawnych.\u201d, 26 lipca 2023 r."},"content":{"rendered":"","protected":false},"excerpt":{"rendered":"","protected":false},"featured_media":0,"template":"","meta":[],"product_brand":[],"product_cat":[63],"product_tag":[],"class_list":{"0":"post-7007","1":"product","2":"type-product","3":"status-publish","5":"product_cat-konferencje","7":"first","8":"instock","9":"shipping-taxable","10":"purchasable","11":"product-type-variable"},"_links":{"self":[{"href":"https:\/\/sgp.geodezja.org.pl\/en\/wp-json\/wp\/v2\/product\/7007","targetHints":{"allow":["GET"]}}],"collection":[{"href":"https:\/\/sgp.geodezja.org.pl\/en\/wp-json\/wp\/v2\/product"}],"about":[{"href":"https:\/\/sgp.geodezja.org.pl\/en\/wp-json\/wp\/v2\/types\/product"}],"wp:attachment":[{"href":"https:\/\/sgp.geodezja.org.pl\/en\/wp-json\/wp\/v2\/media?parent=7007"}],"wp:term":[{"taxonomy":"product_brand","embeddable":true,"href":"https:\/\/sgp.geodezja.org.pl\/en\/wp-json\/wp\/v2\/product_brand?post=7007"},{"taxonomy":"product_cat","embeddable":true,"href":"https:\/\/sgp.geodezja.org.pl\/en\/wp-json\/wp\/v2\/product_cat?post=7007"},{"taxonomy":"product_tag","embeddable":true,"href":"https:\/\/sgp.geodezja.org.pl\/en\/wp-json\/wp\/v2\/product_tag?post=7007"}],"curies":[{"name":"wp","href":"https:\/\/api.w.org\/{rel}","templated":true}]}}