{"id":7166,"date":"2023-08-18T14:18:25","date_gmt":"2023-08-18T12:18:25","guid":{"rendered":"https:\/\/sgp.geodezja.org.pl\/?post_type=product&#038;p=7166"},"modified":"2023-10-11T23:27:27","modified_gmt":"2023-10-11T21:27:27","slug":"szkolenie-online-analiza-materialow-zasobu-zasady-zawiadamiania-stron-czynnosci-geodety-uprawnionego-oraz-rola-zainteresowanych-podmiotow-przy-sporzadzaniu-protokolow-dokumentujacych-poloz","status":"publish","type":"product","link":"https:\/\/sgp.geodezja.org.pl\/en\/product\/szkolenie-online-analiza-materialow-zasobu-zasady-zawiadamiania-stron-czynnosci-geodety-uprawnionego-oraz-rola-zainteresowanych-podmiotow-przy-sporzadzaniu-protokolow-dokumentujacych-poloz\/","title":{"rendered":"Szkolenie online: \u201eAnaliza materia\u0142\u00f3w zasobu, zasady zawiadamiania stron, czynno\u015bci geodety uprawnionego oraz rola zainteresowanych podmiot\u00f3w przy sporz\u0105dzaniu protoko\u0142\u00f3w dokumentuj\u0105cych po\u0142o\u017cenie punkt\u00f3w granicznych i przebieg granic nieruchomo\u015bci.\u201d, 27 wrze\u015bnia 2023 r."},"content":{"rendered":"","protected":false},"excerpt":{"rendered":"","protected":false},"featured_media":0,"template":"","meta":[],"product_brand":[],"product_cat":[63],"product_tag":[],"class_list":{"0":"post-7166","1":"product","2":"type-product","3":"status-publish","5":"product_cat-konferencje","7":"first","8":"instock","9":"shipping-taxable","10":"purchasable","11":"product-type-variable"},"_links":{"self":[{"href":"https:\/\/sgp.geodezja.org.pl\/en\/wp-json\/wp\/v2\/product\/7166","targetHints":{"allow":["GET"]}}],"collection":[{"href":"https:\/\/sgp.geodezja.org.pl\/en\/wp-json\/wp\/v2\/product"}],"about":[{"href":"https:\/\/sgp.geodezja.org.pl\/en\/wp-json\/wp\/v2\/types\/product"}],"wp:attachment":[{"href":"https:\/\/sgp.geodezja.org.pl\/en\/wp-json\/wp\/v2\/media?parent=7166"}],"wp:term":[{"taxonomy":"product_brand","embeddable":true,"href":"https:\/\/sgp.geodezja.org.pl\/en\/wp-json\/wp\/v2\/product_brand?post=7166"},{"taxonomy":"product_cat","embeddable":true,"href":"https:\/\/sgp.geodezja.org.pl\/en\/wp-json\/wp\/v2\/product_cat?post=7166"},{"taxonomy":"product_tag","embeddable":true,"href":"https:\/\/sgp.geodezja.org.pl\/en\/wp-json\/wp\/v2\/product_tag?post=7166"}],"curies":[{"name":"wp","href":"https:\/\/api.w.org\/{rel}","templated":true}]}}