{"id":8083,"date":"2023-12-13T09:20:40","date_gmt":"2023-12-13T08:20:40","guid":{"rendered":"https:\/\/sgp.geodezja.org.pl\/?post_type=product&#038;p=8083"},"modified":"2023-12-13T09:23:03","modified_gmt":"2023-12-13T08:23:03","slug":"szkolenie-online-nt-rozgraniczanie-i-podzialy-nieruchomosci-gruntow-oraz-sporzadzanie-dokumentacji-do-celow-prawnych-24-stycznia-2024r","status":"publish","type":"product","link":"https:\/\/sgp.geodezja.org.pl\/en\/product\/szkolenie-online-nt-rozgraniczanie-i-podzialy-nieruchomosci-gruntow-oraz-sporzadzanie-dokumentacji-do-celow-prawnych-24-stycznia-2024r\/","title":{"rendered":"Szkolenie online nt: &#8222;Rozgraniczanie i podzia\u0142y nieruchomo\u015bci (grunt\u00f3w) oraz sporz\u0105dzanie dokumentacji do cel\u00f3w prawnych&#8221; 24 stycznia 2024r."},"content":{"rendered":"","protected":false},"excerpt":{"rendered":"","protected":false},"featured_media":0,"template":"","meta":[],"product_brand":[],"product_cat":[63],"product_tag":[],"class_list":{"0":"post-8083","1":"product","2":"type-product","3":"status-publish","5":"product_cat-konferencje","7":"first","8":"instock","9":"shipping-taxable","10":"purchasable","11":"product-type-variable"},"_links":{"self":[{"href":"https:\/\/sgp.geodezja.org.pl\/en\/wp-json\/wp\/v2\/product\/8083","targetHints":{"allow":["GET"]}}],"collection":[{"href":"https:\/\/sgp.geodezja.org.pl\/en\/wp-json\/wp\/v2\/product"}],"about":[{"href":"https:\/\/sgp.geodezja.org.pl\/en\/wp-json\/wp\/v2\/types\/product"}],"wp:attachment":[{"href":"https:\/\/sgp.geodezja.org.pl\/en\/wp-json\/wp\/v2\/media?parent=8083"}],"wp:term":[{"taxonomy":"product_brand","embeddable":true,"href":"https:\/\/sgp.geodezja.org.pl\/en\/wp-json\/wp\/v2\/product_brand?post=8083"},{"taxonomy":"product_cat","embeddable":true,"href":"https:\/\/sgp.geodezja.org.pl\/en\/wp-json\/wp\/v2\/product_cat?post=8083"},{"taxonomy":"product_tag","embeddable":true,"href":"https:\/\/sgp.geodezja.org.pl\/en\/wp-json\/wp\/v2\/product_tag?post=8083"}],"curies":[{"name":"wp","href":"https:\/\/api.w.org\/{rel}","templated":true}]}}