{"id":8380,"date":"2024-01-16T18:31:50","date_gmt":"2024-01-16T17:31:50","guid":{"rendered":"https:\/\/sgp.geodezja.org.pl\/?post_type=product&#038;p=8380"},"modified":"2024-01-16T18:31:51","modified_gmt":"2024-01-16T17:31:51","slug":"szkolenie-online-wylaczenie-gruntow-z-produkcji-rolniczej-i-lesnej-w-tym-po-zmianie-przepisow-z-planowania-przestrzennego-uzytek-bp-w-ewidencji-gruntow-i-budynkow-uzytki-bp-b-bi-ba-br","status":"publish","type":"product","link":"https:\/\/sgp.geodezja.org.pl\/en\/product\/szkolenie-online-wylaczenie-gruntow-z-produkcji-rolniczej-i-lesnej-w-tym-po-zmianie-przepisow-z-planowania-przestrzennego-uzytek-bp-w-ewidencji-gruntow-i-budynkow-uzytki-bp-b-bi-ba-br\/","title":{"rendered":"Szkolenie online: \u201eWy\u0142\u0105czenie grunt\u00f3w z produkcji rolniczej i le\u015bnej, w tym po zmianie przepis\u00f3w z planowania przestrzennego. U\u017cytek Bp w ewidencji grunt\u00f3w i budynk\u00f3w. U\u017cytki Bp, B, Bi, Ba, Br w opracowaniach geodezyjnych, w tym inwentaryzacji powykonawczej. U\u017cytek Wp w egib w kontek\u015bcie linii brzegu \u2013 kiedy art. 220 Prawa Wodnego a kiedy 33a egib. Kiedy Ls w egib. Br czy B &#8211; kiedy kt\u00f3re w opracowaniach jednostkowych i w modernizacji egib. Inne problematyczne u\u017cytki w egib, w tym drogi i u\u017cytek Tp.\u201d, 20 lutego 2024 r."},"content":{"rendered":"","protected":false},"excerpt":{"rendered":"","protected":false},"featured_media":0,"template":"","meta":[],"product_brand":[],"product_cat":[63],"product_tag":[],"class_list":{"0":"post-8380","1":"product","2":"type-product","3":"status-publish","5":"product_cat-konferencje","7":"first","8":"instock","9":"shipping-taxable","10":"purchasable","11":"product-type-variable"},"_links":{"self":[{"href":"https:\/\/sgp.geodezja.org.pl\/en\/wp-json\/wp\/v2\/product\/8380","targetHints":{"allow":["GET"]}}],"collection":[{"href":"https:\/\/sgp.geodezja.org.pl\/en\/wp-json\/wp\/v2\/product"}],"about":[{"href":"https:\/\/sgp.geodezja.org.pl\/en\/wp-json\/wp\/v2\/types\/product"}],"wp:attachment":[{"href":"https:\/\/sgp.geodezja.org.pl\/en\/wp-json\/wp\/v2\/media?parent=8380"}],"wp:term":[{"taxonomy":"product_brand","embeddable":true,"href":"https:\/\/sgp.geodezja.org.pl\/en\/wp-json\/wp\/v2\/product_brand?post=8380"},{"taxonomy":"product_cat","embeddable":true,"href":"https:\/\/sgp.geodezja.org.pl\/en\/wp-json\/wp\/v2\/product_cat?post=8380"},{"taxonomy":"product_tag","embeddable":true,"href":"https:\/\/sgp.geodezja.org.pl\/en\/wp-json\/wp\/v2\/product_tag?post=8380"}],"curies":[{"name":"wp","href":"https:\/\/api.w.org\/{rel}","templated":true}]}}