{"id":8451,"date":"2024-01-24T14:00:18","date_gmt":"2024-01-24T13:00:18","guid":{"rendered":"https:\/\/sgp.geodezja.org.pl\/?post_type=product&#038;p=8451"},"modified":"2024-04-03T10:37:55","modified_gmt":"2024-04-03T08:37:55","slug":"szkolenie-online-wybrane-aspekty-prawne-i-techniczne-aktualizacji-baz-danych-bdot-500-gesut-i-egib-w-swietle-aktualnie-obowiazujacych-uregulowan-prawnych-15-lutego-2024-r","status":"publish","type":"product","link":"https:\/\/sgp.geodezja.org.pl\/en\/product\/szkolenie-online-wybrane-aspekty-prawne-i-techniczne-aktualizacji-baz-danych-bdot-500-gesut-i-egib-w-swietle-aktualnie-obowiazujacych-uregulowan-prawnych-15-lutego-2024-r\/","title":{"rendered":"Szkolenie online: \u201eWybrane aspekty prawne i techniczne aktualizacji baz danych BDOT 500, GESUT i EGIB w \u015bwietle aktualnie obowi\u0105zuj\u0105cych uregulowa\u0144 prawnych\u201d, 15 lutego 2024 r."},"content":{"rendered":"","protected":false},"excerpt":{"rendered":"","protected":false},"featured_media":0,"template":"","meta":[],"product_brand":[],"product_cat":[63],"product_tag":[],"class_list":{"0":"post-8451","1":"product","2":"type-product","3":"status-publish","5":"product_cat-konferencje","7":"first","8":"instock","9":"shipping-taxable","10":"purchasable","11":"product-type-variable"},"_links":{"self":[{"href":"https:\/\/sgp.geodezja.org.pl\/en\/wp-json\/wp\/v2\/product\/8451","targetHints":{"allow":["GET"]}}],"collection":[{"href":"https:\/\/sgp.geodezja.org.pl\/en\/wp-json\/wp\/v2\/product"}],"about":[{"href":"https:\/\/sgp.geodezja.org.pl\/en\/wp-json\/wp\/v2\/types\/product"}],"wp:attachment":[{"href":"https:\/\/sgp.geodezja.org.pl\/en\/wp-json\/wp\/v2\/media?parent=8451"}],"wp:term":[{"taxonomy":"product_brand","embeddable":true,"href":"https:\/\/sgp.geodezja.org.pl\/en\/wp-json\/wp\/v2\/product_brand?post=8451"},{"taxonomy":"product_cat","embeddable":true,"href":"https:\/\/sgp.geodezja.org.pl\/en\/wp-json\/wp\/v2\/product_cat?post=8451"},{"taxonomy":"product_tag","embeddable":true,"href":"https:\/\/sgp.geodezja.org.pl\/en\/wp-json\/wp\/v2\/product_tag?post=8451"}],"curies":[{"name":"wp","href":"https:\/\/api.w.org\/{rel}","templated":true}]}}