{"id":8484,"date":"2024-01-25T19:37:59","date_gmt":"2024-01-25T18:37:59","guid":{"rendered":"https:\/\/sgp.geodezja.org.pl\/?post_type=product&#038;p=8484"},"modified":"2024-03-14T17:27:33","modified_gmt":"2024-03-14T16:27:33","slug":"xxiv-kaliska-konferencja-naukowo-techniczna-na-temat-ocena-funkcjonowania-systemu-katastralnego-na-tle-innych-rejestrow-publicznych-w-aspekcie-wiarygodnosci-informacji-o-stanie-prawnym","status":"publish","type":"product","link":"https:\/\/sgp.geodezja.org.pl\/en\/product\/xxiv-kaliska-konferencja-naukowo-techniczna-na-temat-ocena-funkcjonowania-systemu-katastralnego-na-tle-innych-rejestrow-publicznych-w-aspekcie-wiarygodnosci-informacji-o-stanie-prawnym\/","title":{"rendered":"XXIV KALISKA KONFERENCJA NAUKOWO \u2013 TECHNICZNA na temat: &#8221; Ocena funkcjonowania systemu katastralnego na tle innych rejestr\u00f3w publicznych w aspekcie wiarygodno\u015bci informacji o  stanie prawnym i faktycznym nieruchomo\u015bci&#8221; pod patronatem Pani Alicji Kulki G\u0142\u00f3wnego Geodety Kraju, 18-19 kwietnia 2024 r."},"content":{"rendered":"","protected":false},"excerpt":{"rendered":"","protected":false},"featured_media":0,"template":"","meta":[],"product_brand":[],"product_cat":[63],"product_tag":[],"class_list":{"0":"post-8484","1":"product","2":"type-product","3":"status-publish","5":"product_cat-konferencje","7":"first","8":"instock","9":"shipping-taxable","10":"purchasable","11":"product-type-variable"},"_links":{"self":[{"href":"https:\/\/sgp.geodezja.org.pl\/en\/wp-json\/wp\/v2\/product\/8484","targetHints":{"allow":["GET"]}}],"collection":[{"href":"https:\/\/sgp.geodezja.org.pl\/en\/wp-json\/wp\/v2\/product"}],"about":[{"href":"https:\/\/sgp.geodezja.org.pl\/en\/wp-json\/wp\/v2\/types\/product"}],"wp:attachment":[{"href":"https:\/\/sgp.geodezja.org.pl\/en\/wp-json\/wp\/v2\/media?parent=8484"}],"wp:term":[{"taxonomy":"product_brand","embeddable":true,"href":"https:\/\/sgp.geodezja.org.pl\/en\/wp-json\/wp\/v2\/product_brand?post=8484"},{"taxonomy":"product_cat","embeddable":true,"href":"https:\/\/sgp.geodezja.org.pl\/en\/wp-json\/wp\/v2\/product_cat?post=8484"},{"taxonomy":"product_tag","embeddable":true,"href":"https:\/\/sgp.geodezja.org.pl\/en\/wp-json\/wp\/v2\/product_tag?post=8484"}],"curies":[{"name":"wp","href":"https:\/\/api.w.org\/{rel}","templated":true}]}}