{"id":8962,"date":"2024-03-11T11:13:17","date_gmt":"2024-03-11T10:13:17","guid":{"rendered":"https:\/\/sgp.geodezja.org.pl\/?post_type=product&#038;p=8962"},"modified":"2024-04-03T10:37:40","modified_gmt":"2024-04-03T08:37:40","slug":"seminarium-sekcji-geodezji-rolnej-i-lesnej-regulacje-stanu-prawnego-niektorych-drog-ogolnodostepnych-warszawa-4-kwietnia-2024r-hybrydowe","status":"publish","type":"product","link":"https:\/\/sgp.geodezja.org.pl\/en\/product\/seminarium-sekcji-geodezji-rolnej-i-lesnej-regulacje-stanu-prawnego-niektorych-drog-ogolnodostepnych-warszawa-4-kwietnia-2024r-hybrydowe\/","title":{"rendered":"Seminarium Sekcji Geodezji Rolnej i Le\u015bnej \u201eRegulacje stanu prawnego niekt\u00f3rych dr\u00f3g og\u00f3lnodost\u0119pnych\u201d, Warszawa 4 kwietnia 2024r. -hybrydowe"},"content":{"rendered":"","protected":false},"excerpt":{"rendered":"","protected":false},"featured_media":0,"template":"","meta":[],"product_brand":[],"product_cat":[63],"product_tag":[],"class_list":{"0":"post-8962","1":"product","2":"type-product","3":"status-publish","5":"product_cat-konferencje","7":"first","8":"instock","9":"shipping-taxable","10":"purchasable","11":"product-type-variable"},"_links":{"self":[{"href":"https:\/\/sgp.geodezja.org.pl\/en\/wp-json\/wp\/v2\/product\/8962","targetHints":{"allow":["GET"]}}],"collection":[{"href":"https:\/\/sgp.geodezja.org.pl\/en\/wp-json\/wp\/v2\/product"}],"about":[{"href":"https:\/\/sgp.geodezja.org.pl\/en\/wp-json\/wp\/v2\/types\/product"}],"wp:attachment":[{"href":"https:\/\/sgp.geodezja.org.pl\/en\/wp-json\/wp\/v2\/media?parent=8962"}],"wp:term":[{"taxonomy":"product_brand","embeddable":true,"href":"https:\/\/sgp.geodezja.org.pl\/en\/wp-json\/wp\/v2\/product_brand?post=8962"},{"taxonomy":"product_cat","embeddable":true,"href":"https:\/\/sgp.geodezja.org.pl\/en\/wp-json\/wp\/v2\/product_cat?post=8962"},{"taxonomy":"product_tag","embeddable":true,"href":"https:\/\/sgp.geodezja.org.pl\/en\/wp-json\/wp\/v2\/product_tag?post=8962"}],"curies":[{"name":"wp","href":"https:\/\/api.w.org\/{rel}","templated":true}]}}