{"id":9080,"date":"2024-03-22T08:29:24","date_gmt":"2024-03-22T07:29:24","guid":{"rendered":"https:\/\/sgp.geodezja.org.pl\/?post_type=product&#038;p=9080"},"modified":"2024-03-22T08:30:26","modified_gmt":"2024-03-22T07:30:26","slug":"zebranie-zarzadu-glownego-stowarzyszenia-geodetow-polskich-oraz-ii-ogolnopolski-zlot-geodetow-osrodek-wypoczynkowy-lansk-7-9-czerwca-2024-r","status":"publish","type":"product","link":"https:\/\/sgp.geodezja.org.pl\/en\/product\/zebranie-zarzadu-glownego-stowarzyszenia-geodetow-polskich-oraz-ii-ogolnopolski-zlot-geodetow-osrodek-wypoczynkowy-lansk-7-9-czerwca-2024-r\/","title":{"rendered":"Zebranie Zarz\u0105du G\u0142\u00f3wnego Stowarzyszenia Geodet\u00f3w Polskich oraz II Og\u00f3lnopolski Zlot Geodet\u00f3w, O\u015brodek Wypoczynkowy \u0141a\u0144sk, 7-9 czerwca 2024 r."},"content":{"rendered":"","protected":false},"excerpt":{"rendered":"","protected":false},"featured_media":0,"template":"","meta":[],"product_brand":[],"product_cat":[63],"product_tag":[],"class_list":{"0":"post-9080","1":"product","2":"type-product","3":"status-publish","5":"product_cat-konferencje","7":"first","8":"instock","9":"shipping-taxable","10":"purchasable","11":"product-type-variable"},"_links":{"self":[{"href":"https:\/\/sgp.geodezja.org.pl\/en\/wp-json\/wp\/v2\/product\/9080","targetHints":{"allow":["GET"]}}],"collection":[{"href":"https:\/\/sgp.geodezja.org.pl\/en\/wp-json\/wp\/v2\/product"}],"about":[{"href":"https:\/\/sgp.geodezja.org.pl\/en\/wp-json\/wp\/v2\/types\/product"}],"wp:attachment":[{"href":"https:\/\/sgp.geodezja.org.pl\/en\/wp-json\/wp\/v2\/media?parent=9080"}],"wp:term":[{"taxonomy":"product_brand","embeddable":true,"href":"https:\/\/sgp.geodezja.org.pl\/en\/wp-json\/wp\/v2\/product_brand?post=9080"},{"taxonomy":"product_cat","embeddable":true,"href":"https:\/\/sgp.geodezja.org.pl\/en\/wp-json\/wp\/v2\/product_cat?post=9080"},{"taxonomy":"product_tag","embeddable":true,"href":"https:\/\/sgp.geodezja.org.pl\/en\/wp-json\/wp\/v2\/product_tag?post=9080"}],"curies":[{"name":"wp","href":"https:\/\/api.w.org\/{rel}","templated":true}]}}