{"id":9116,"date":"2024-03-25T09:41:47","date_gmt":"2024-03-25T08:41:47","guid":{"rendered":"https:\/\/sgp.geodezja.org.pl\/?post_type=product&#038;p=9116"},"modified":"2024-03-25T09:51:08","modified_gmt":"2024-03-25T08:51:08","slug":"szkolenie-online-zasady-przeprowadzania-oraz-aktualizacji-gleboznawczej-klasyfikacji-gruntow-w-ramach-modernizacji-ewidencji-gruntow-i-budynkow-scalen-gruntow-i-po-melioracjach-or","status":"publish","type":"product","link":"https:\/\/sgp.geodezja.org.pl\/en\/product\/szkolenie-online-zasady-przeprowadzania-oraz-aktualizacji-gleboznawczej-klasyfikacji-gruntow-w-ramach-modernizacji-ewidencji-gruntow-i-budynkow-scalen-gruntow-i-po-melioracjach-or\/","title":{"rendered":"Szkolenie online: \u201eZasady przeprowadzania oraz aktualizacji gleboznawczej klasyfikacji grunt\u00f3w \u2013 w ramach modernizacji ewidencji grunt\u00f3w i budynk\u00f3w, scale\u0144 grunt\u00f3w i po melioracjach oraz wy\u0142\u0105czenia grunt\u00f3w z produkcji rolnej i le\u015bnej\u201d, 29 kwietnia 2024 r."},"content":{"rendered":"","protected":false},"excerpt":{"rendered":"","protected":false},"featured_media":0,"template":"","meta":[],"product_brand":[],"product_cat":[63],"product_tag":[],"class_list":{"0":"post-9116","1":"product","2":"type-product","3":"status-publish","5":"product_cat-konferencje","7":"first","8":"instock","9":"shipping-taxable","10":"purchasable","11":"product-type-variable"},"_links":{"self":[{"href":"https:\/\/sgp.geodezja.org.pl\/en\/wp-json\/wp\/v2\/product\/9116","targetHints":{"allow":["GET"]}}],"collection":[{"href":"https:\/\/sgp.geodezja.org.pl\/en\/wp-json\/wp\/v2\/product"}],"about":[{"href":"https:\/\/sgp.geodezja.org.pl\/en\/wp-json\/wp\/v2\/types\/product"}],"wp:attachment":[{"href":"https:\/\/sgp.geodezja.org.pl\/en\/wp-json\/wp\/v2\/media?parent=9116"}],"wp:term":[{"taxonomy":"product_brand","embeddable":true,"href":"https:\/\/sgp.geodezja.org.pl\/en\/wp-json\/wp\/v2\/product_brand?post=9116"},{"taxonomy":"product_cat","embeddable":true,"href":"https:\/\/sgp.geodezja.org.pl\/en\/wp-json\/wp\/v2\/product_cat?post=9116"},{"taxonomy":"product_tag","embeddable":true,"href":"https:\/\/sgp.geodezja.org.pl\/en\/wp-json\/wp\/v2\/product_tag?post=9116"}],"curies":[{"name":"wp","href":"https:\/\/api.w.org\/{rel}","templated":true}]}}