{"id":9195,"date":"2024-04-02T10:35:12","date_gmt":"2024-04-02T08:35:12","guid":{"rendered":"https:\/\/sgp.geodezja.org.pl\/?post_type=product&#038;p=9195"},"modified":"2024-04-03T10:37:22","modified_gmt":"2024-04-03T08:37:22","slug":"szkolenie-online-nt-aspekty-prawne-i-techniczne-aktualizacji-baz-danych-egib-w-swietle-aktualnie-obowiazujacych-uregulowan-prawnych-czesc-1-budynki-i-wybrane-uzytki-22-kwietnia-20","status":"publish","type":"product","link":"https:\/\/sgp.geodezja.org.pl\/en\/product\/szkolenie-online-nt-aspekty-prawne-i-techniczne-aktualizacji-baz-danych-egib-w-swietle-aktualnie-obowiazujacych-uregulowan-prawnych-czesc-1-budynki-i-wybrane-uzytki-22-kwietnia-20\/","title":{"rendered":"Szkolenie online nt.:\u00a0\u201eAspekty prawne i techniczne aktualizacji baz danych EGiB w \u015bwietle aktualnie obowi\u0105zuj\u0105cych uregulowa\u0144 prawnych&#8221; cz\u0119\u015b\u0107 1 &#8211; budynki i wybrane u\u017cytki, 22 kwietnia 2024r."},"content":{"rendered":"","protected":false},"excerpt":{"rendered":"","protected":false},"featured_media":0,"template":"","meta":[],"product_brand":[],"product_cat":[63],"product_tag":[],"class_list":{"0":"post-9195","1":"product","2":"type-product","3":"status-publish","5":"product_cat-konferencje","7":"first","8":"instock","9":"shipping-taxable","10":"purchasable","11":"product-type-variable"},"_links":{"self":[{"href":"https:\/\/sgp.geodezja.org.pl\/en\/wp-json\/wp\/v2\/product\/9195","targetHints":{"allow":["GET"]}}],"collection":[{"href":"https:\/\/sgp.geodezja.org.pl\/en\/wp-json\/wp\/v2\/product"}],"about":[{"href":"https:\/\/sgp.geodezja.org.pl\/en\/wp-json\/wp\/v2\/types\/product"}],"wp:attachment":[{"href":"https:\/\/sgp.geodezja.org.pl\/en\/wp-json\/wp\/v2\/media?parent=9195"}],"wp:term":[{"taxonomy":"product_brand","embeddable":true,"href":"https:\/\/sgp.geodezja.org.pl\/en\/wp-json\/wp\/v2\/product_brand?post=9195"},{"taxonomy":"product_cat","embeddable":true,"href":"https:\/\/sgp.geodezja.org.pl\/en\/wp-json\/wp\/v2\/product_cat?post=9195"},{"taxonomy":"product_tag","embeddable":true,"href":"https:\/\/sgp.geodezja.org.pl\/en\/wp-json\/wp\/v2\/product_tag?post=9195"}],"curies":[{"name":"wp","href":"https:\/\/api.w.org\/{rel}","templated":true}]}}