{"id":9616,"date":"2024-05-06T11:38:57","date_gmt":"2024-05-06T09:38:57","guid":{"rendered":"https:\/\/sgp.geodezja.org.pl\/?post_type=product&#038;p=9616"},"modified":"2024-05-06T17:20:59","modified_gmt":"2024-05-06T15:20:59","slug":"szkolenie-online-ewidencja-gruntow-i-budynkow-w-swietle-jednostkowych-opracowan-geodezyjnych-jednostkowych-opracowaniach-geodezyjnych-modernizacji-i-scaleniach-granice-w-tym-ustalenie-przebiegu","status":"publish","type":"product","link":"https:\/\/sgp.geodezja.org.pl\/en\/product\/szkolenie-online-ewidencja-gruntow-i-budynkow-w-swietle-jednostkowych-opracowan-geodezyjnych-jednostkowych-opracowaniach-geodezyjnych-modernizacji-i-scaleniach-granice-w-tym-ustalenie-przebiegu\/","title":{"rendered":"Szkolenie online: Ewidencja grunt\u00f3w i budynk\u00f3w w \u015bwietle jednostkowych opracowa\u0144 geodezyjnych (jednostkowych opracowaniach geodezyjnych, modernizacji i scaleniach). Granice, w tym ustalenie przebiegu granic dzia\u0142ek ewidencyjnych oraz  linia brzegu. Budynki i u\u017cytki po zmianach przepis\u00f3w., 11 czerwca 2024 r."},"content":{"rendered":"","protected":false},"excerpt":{"rendered":"","protected":false},"featured_media":0,"template":"","meta":[],"product_brand":[],"product_cat":[61,63],"product_tag":[],"class_list":{"0":"post-9616","1":"product","2":"type-product","3":"status-publish","5":"product_cat-sklep","6":"product_cat-konferencje","8":"first","9":"instock","10":"shipping-taxable","11":"purchasable","12":"product-type-variable"},"_links":{"self":[{"href":"https:\/\/sgp.geodezja.org.pl\/en\/wp-json\/wp\/v2\/product\/9616","targetHints":{"allow":["GET"]}}],"collection":[{"href":"https:\/\/sgp.geodezja.org.pl\/en\/wp-json\/wp\/v2\/product"}],"about":[{"href":"https:\/\/sgp.geodezja.org.pl\/en\/wp-json\/wp\/v2\/types\/product"}],"wp:attachment":[{"href":"https:\/\/sgp.geodezja.org.pl\/en\/wp-json\/wp\/v2\/media?parent=9616"}],"wp:term":[{"taxonomy":"product_brand","embeddable":true,"href":"https:\/\/sgp.geodezja.org.pl\/en\/wp-json\/wp\/v2\/product_brand?post=9616"},{"taxonomy":"product_cat","embeddable":true,"href":"https:\/\/sgp.geodezja.org.pl\/en\/wp-json\/wp\/v2\/product_cat?post=9616"},{"taxonomy":"product_tag","embeddable":true,"href":"https:\/\/sgp.geodezja.org.pl\/en\/wp-json\/wp\/v2\/product_tag?post=9616"}],"curies":[{"name":"wp","href":"https:\/\/api.w.org\/{rel}","templated":true}]}}