{"id":9647,"date":"2024-05-07T09:38:14","date_gmt":"2024-05-07T07:38:14","guid":{"rendered":"https:\/\/sgp.geodezja.org.pl\/?post_type=product&#038;p=9647"},"modified":"2024-05-07T09:38:54","modified_gmt":"2024-05-07T07:38:54","slug":"szkolenie-stacjonarne-nt-bazy-danych-bdot-500-gesut-egib-rozwiazywanie-czesto-spotykanych-problemow-zwiazanych-z-wykonywaniem-prac-geodezyjnych-skutkujacych-ich-aktualizacja-l","status":"publish","type":"product","link":"https:\/\/sgp.geodezja.org.pl\/en\/product\/szkolenie-stacjonarne-nt-bazy-danych-bdot-500-gesut-egib-rozwiazywanie-czesto-spotykanych-problemow-zwiazanych-z-wykonywaniem-prac-geodezyjnych-skutkujacych-ich-aktualizacja-l\/","title":{"rendered":"Szkolenie stacjonarne nt.: \u201eBazy danych BDOT 500, GESUT, EGiB &#8211; rozwi\u0105zywanie cz\u0119sto spotykanych problem\u00f3w zwi\u0105zanych z wykonywaniem prac geodezyjnych skutkuj\u0105cych ich aktualizacj\u0105\u201d, Lublin, 22 maja 2024 r."},"content":{"rendered":"","protected":false},"excerpt":{"rendered":"","protected":false},"featured_media":0,"template":"","meta":[],"product_brand":[],"product_cat":[61,63],"product_tag":[],"class_list":{"0":"post-9647","1":"product","2":"type-product","3":"status-publish","5":"product_cat-sklep","6":"product_cat-konferencje","8":"first","9":"instock","10":"shipping-taxable","11":"purchasable","12":"product-type-variable"},"_links":{"self":[{"href":"https:\/\/sgp.geodezja.org.pl\/en\/wp-json\/wp\/v2\/product\/9647","targetHints":{"allow":["GET"]}}],"collection":[{"href":"https:\/\/sgp.geodezja.org.pl\/en\/wp-json\/wp\/v2\/product"}],"about":[{"href":"https:\/\/sgp.geodezja.org.pl\/en\/wp-json\/wp\/v2\/types\/product"}],"wp:attachment":[{"href":"https:\/\/sgp.geodezja.org.pl\/en\/wp-json\/wp\/v2\/media?parent=9647"}],"wp:term":[{"taxonomy":"product_brand","embeddable":true,"href":"https:\/\/sgp.geodezja.org.pl\/en\/wp-json\/wp\/v2\/product_brand?post=9647"},{"taxonomy":"product_cat","embeddable":true,"href":"https:\/\/sgp.geodezja.org.pl\/en\/wp-json\/wp\/v2\/product_cat?post=9647"},{"taxonomy":"product_tag","embeddable":true,"href":"https:\/\/sgp.geodezja.org.pl\/en\/wp-json\/wp\/v2\/product_tag?post=9647"}],"curies":[{"name":"wp","href":"https:\/\/api.w.org\/{rel}","templated":true}]}}