{"id":9695,"date":"2024-05-08T11:09:01","date_gmt":"2024-05-08T09:09:01","guid":{"rendered":"https:\/\/sgp.geodezja.org.pl\/?post_type=product&#038;p=9695"},"modified":"2024-05-08T11:09:01","modified_gmt":"2024-05-08T09:09:01","slug":"szkolenie-stacjonarne-nt-analiza-materialow-zasobu-i-modyfikacja-wspolrzednych-punktow-granicznych-oraz-rozgraniczenie-gruntow-pokrytych-wodami-powierzchniowymi-i-pomiar-sytuacyjny-linii-brzegu","status":"publish","type":"product","link":"https:\/\/sgp.geodezja.org.pl\/en\/product\/szkolenie-stacjonarne-nt-analiza-materialow-zasobu-i-modyfikacja-wspolrzednych-punktow-granicznych-oraz-rozgraniczenie-gruntow-pokrytych-wodami-powierzchniowymi-i-pomiar-sytuacyjny-linii-brzegu\/","title":{"rendered":"Szkolenie stacjonarne nt.: &#8222;Analiza materia\u0142\u00f3w zasobu i modyfikacja wsp\u00f3\u0142rz\u0119dnych punkt\u00f3w granicznych oraz rozgraniczenie grunt\u00f3w pokrytych wodami powierzchniowymi i pomiar sytuacyjny linii brzegu&#8221;, S\u0142upsk, 20 czerwca 2024r."},"content":{"rendered":"","protected":false},"excerpt":{"rendered":"","protected":false},"featured_media":0,"template":"","meta":[],"product_brand":[],"product_cat":[61,63],"product_tag":[],"class_list":{"0":"post-9695","1":"product","2":"type-product","3":"status-publish","5":"product_cat-sklep","6":"product_cat-konferencje","8":"first","9":"instock","10":"shipping-taxable","11":"purchasable","12":"product-type-variable"},"_links":{"self":[{"href":"https:\/\/sgp.geodezja.org.pl\/en\/wp-json\/wp\/v2\/product\/9695","targetHints":{"allow":["GET"]}}],"collection":[{"href":"https:\/\/sgp.geodezja.org.pl\/en\/wp-json\/wp\/v2\/product"}],"about":[{"href":"https:\/\/sgp.geodezja.org.pl\/en\/wp-json\/wp\/v2\/types\/product"}],"wp:attachment":[{"href":"https:\/\/sgp.geodezja.org.pl\/en\/wp-json\/wp\/v2\/media?parent=9695"}],"wp:term":[{"taxonomy":"product_brand","embeddable":true,"href":"https:\/\/sgp.geodezja.org.pl\/en\/wp-json\/wp\/v2\/product_brand?post=9695"},{"taxonomy":"product_cat","embeddable":true,"href":"https:\/\/sgp.geodezja.org.pl\/en\/wp-json\/wp\/v2\/product_cat?post=9695"},{"taxonomy":"product_tag","embeddable":true,"href":"https:\/\/sgp.geodezja.org.pl\/en\/wp-json\/wp\/v2\/product_tag?post=9695"}],"curies":[{"name":"wp","href":"https:\/\/api.w.org\/{rel}","templated":true}]}}