{"id":9886,"date":"2024-05-24T11:47:34","date_gmt":"2024-05-24T09:47:34","guid":{"rendered":"https:\/\/sgp.geodezja.org.pl\/?post_type=product&#038;p=9886"},"modified":"2024-05-24T11:47:34","modified_gmt":"2024-05-24T09:47:34","slug":"szkolenie-online-rozgraniczanie-i-podzialy-nieruchomosci-oraz-inne-opracowania-do-celow-prawnych-w-praktyce-wykonawstwo-dokumentacja-i-weryfikacja-26-czerwca-2024r","status":"publish","type":"product","link":"https:\/\/sgp.geodezja.org.pl\/en\/product\/szkolenie-online-rozgraniczanie-i-podzialy-nieruchomosci-oraz-inne-opracowania-do-celow-prawnych-w-praktyce-wykonawstwo-dokumentacja-i-weryfikacja-26-czerwca-2024r\/","title":{"rendered":"Szkolenie online: \u201eRozgraniczanie i podzia\u0142y nieruchomo\u015bci oraz inne opracowania do cel\u00f3w prawnych w praktyce \u2013 wykonawstwo, dokumentacja i weryfikacja.\u201d 26 czerwca 2024r."},"content":{"rendered":"","protected":false},"excerpt":{"rendered":"","protected":false},"featured_media":0,"template":"","meta":[],"product_brand":[],"product_cat":[61,63],"product_tag":[],"class_list":{"0":"post-9886","1":"product","2":"type-product","3":"status-publish","5":"product_cat-sklep","6":"product_cat-konferencje","8":"first","9":"instock","10":"shipping-taxable","11":"purchasable","12":"product-type-variable"},"_links":{"self":[{"href":"https:\/\/sgp.geodezja.org.pl\/en\/wp-json\/wp\/v2\/product\/9886","targetHints":{"allow":["GET"]}}],"collection":[{"href":"https:\/\/sgp.geodezja.org.pl\/en\/wp-json\/wp\/v2\/product"}],"about":[{"href":"https:\/\/sgp.geodezja.org.pl\/en\/wp-json\/wp\/v2\/types\/product"}],"wp:attachment":[{"href":"https:\/\/sgp.geodezja.org.pl\/en\/wp-json\/wp\/v2\/media?parent=9886"}],"wp:term":[{"taxonomy":"product_brand","embeddable":true,"href":"https:\/\/sgp.geodezja.org.pl\/en\/wp-json\/wp\/v2\/product_brand?post=9886"},{"taxonomy":"product_cat","embeddable":true,"href":"https:\/\/sgp.geodezja.org.pl\/en\/wp-json\/wp\/v2\/product_cat?post=9886"},{"taxonomy":"product_tag","embeddable":true,"href":"https:\/\/sgp.geodezja.org.pl\/en\/wp-json\/wp\/v2\/product_tag?post=9886"}],"curies":[{"name":"wp","href":"https:\/\/api.w.org\/{rel}","templated":true}]}}